{"id":6832,"date":"2024-09-06T10:03:16","date_gmt":"2024-09-06T10:03:16","guid":{"rendered":"https:\/\/aquamarine.boost.codes\/?page_id=6832"},"modified":"2024-09-06T10:33:34","modified_gmt":"2024-09-06T10:33:34","slug":"cena","status":"publish","type":"page","link":"https:\/\/aquamarine.boost.codes\/sk\/cena\/","title":{"rendered":"Z\u00edska\u0165 detailn\u00fa cenov\u00fa ponuku"},"content":{"rendered":"<section class=\"section--catalogue section--light\">\n<div class=\"inner\">\n<h1 class=\"heading heading--bigger heading--center heading--black heading--underline\">Z\u00edska\u0165 detailn\u00fa cenov\u00fa ponuku<\/h1>\n<div class=\"row\">\n<div class=\"col-xs-12 col-sm-12 col-md-2 col-lg-2\"><\/div>\n<div class=\"col-xs-12 col-sm-12 col-md-8 col-lg-8\">\n<p class=\"paragraph paragraph--medium align-center margin-top--05x\"><strong> Po vyplnen\u00ed formul\u00e1ru v\u00e1m obratom za\u0161leme PDF s orienta\u010dn\u00fdmi cenami na\u0161\u00edch produktov.<\/strong>  <\/p>\n<p class=\"paragraph paragraph--medium align-center margin-top--05x\">Aby sme v\u00e1m mohli pripravi\u0165 presn\u00fa cenov\u00fa ponuku, op\u00ed\u0161te pros\u00edm \u010do najdetailnej\u0161ie \u0161pecifik\u00e1cie v\u00e1\u0161ho projektu. Pre pr\u00edpad, \u017ee by sme od v\u00e1s potrebovali z\u00edska\u0165 bli\u017e\u0161ie inform\u00e1cie, vypl\u0148te pros\u00edm aj pol\u00ed\u010dko telef\u00f3n alebo e-mail.<\/p>\n<\/p><\/div>\n<div class=\"col-xs-12 col-sm-12 col-md-2 col-lg-2\"><\/div><\/div>\n<div class=\"section--catalogue-form\">\n\t\t\t\t<span class=\"paragraph paragraph--medium section--catalogue-form-required-data input-required\">povinn\u00e9 pol\u00ed\u010dka<\/span><br \/>\n\t\t\t\t[boost-space-forms host=&#8220;aquamarinespa.boost.space&#8220; id=&#8220;30&#8243;]\n\t\t\t<\/div><\/div>\n<p> <!-- .inner --><br \/>\n<\/section>\n<p> <!-- section products --><\/p>\n","protected":false},"excerpt":{"rendered":"Z\u00edska\u0165 detailn\u00fa cenov\u00fa ponuku Po vyplnen\u00ed formul\u00e1ru v\u00e1m obratom za\u0161leme PDF s orienta\u010dn\u00fdmi cenami na\u0161\u00edch produktov. Aby sme v\u00e1m mohli pripravi\u0165 presn\u00fa cenov\u00fa ponuku, op\u00ed\u0161te pros\u00edm \u010do najdetailnej\u0161ie \u0161pecifik\u00e1cie v\u00e1\u0161ho projektu. Pre pr\u00edpad, \u017ee by sme od v\u00e1s potrebovali z\u00edska\u0165 bli\u017e\u0161ie inform\u00e1cie, vypl\u0148te pros\u00edm aj pol\u00ed\u010dko telef\u00f3n alebo e-mail. povinn\u00e9 pol\u00ed\u010dka [boost-space-forms host=&#8220;aquamarinespa.boost.space&#8220; id=&#8220;30&#8243;]","protected":false},"author":10,"featured_media":0,"parent":0,"menu_order":0,"comment_status":"closed","ping_status":"closed","template":"","meta":[],"acf":[],"yoast_head":"<!-- This site is optimized with the Yoast SEO plugin v19.3 - https:\/\/yoast.com\/wordpress\/plugins\/seo\/ -->\n<title>Z\u00edska\u0165 detailn\u00fa cenov\u00fa ponuku - Aquamarine Dev<\/title>\n<meta name=\"robots\" content=\"noindex, follow, max-snippet:-1, max-image-preview:large, max-video-preview:-1\" \/>\n<meta property=\"og:locale\" content=\"sk_SK\" \/>\n<meta property=\"og:type\" content=\"article\" \/>\n<meta property=\"og:title\" content=\"Z\u00edska\u0165 detailn\u00fa cenov\u00fa ponuku - Aquamarine Dev\" \/>\n<meta property=\"og:description\" content=\"Z\u00edska\u0165 detailn\u00fa cenov\u00fa ponuku Po vyplnen\u00ed formul\u00e1ru v\u00e1m obratom za\u0161leme PDF s orienta\u010dn\u00fdmi cenami na\u0161\u00edch produktov. Aby sme v\u00e1m mohli pripravi\u0165 presn\u00fa cenov\u00fa ponuku, op\u00ed\u0161te pros\u00edm \u010do najdetailnej\u0161ie \u0161pecifik\u00e1cie v\u00e1\u0161ho projektu. Pre pr\u00edpad, \u017ee by sme od v\u00e1s potrebovali z\u00edska\u0165 bli\u017e\u0161ie inform\u00e1cie, vypl\u0148te pros\u00edm aj pol\u00ed\u010dko telef\u00f3n alebo e-mail. povinn\u00e9 pol\u00ed\u010dka [boost-space-forms host=&#8220;aquamarinespa.boost.space&#8220; id=&#8220;30&#8243;]\" \/>\n<meta property=\"og:url\" content=\"https:\/\/aquamarine.boost.codes\/sk\/cena\/\" \/>\n<meta property=\"og:site_name\" content=\"Aquamarine Dev\" \/>\n<meta property=\"article:publisher\" content=\"https:\/\/www.facebook.com\/aquamarinespacz\/\" \/>\n<meta property=\"article:modified_time\" content=\"2024-09-06T10:33:34+00:00\" \/>\n<meta name=\"twitter:card\" content=\"summary_large_image\" \/>\n<meta name=\"twitter:label1\" content=\"Predpokladan\u00fd \u010das \u010d\u00edtania\" \/>\n\t<meta name=\"twitter:data1\" content=\"1 min\u00fata\" \/>\n<script type=\"application\/ld+json\" class=\"yoast-schema-graph\">{\"@context\":\"https:\/\/schema.org\",\"@graph\":[{\"@type\":\"Organization\",\"@id\":\"https:\/\/aquamarine.boost.codes\/#organization\",\"name\":\"AquamarineSpa\",\"url\":\"https:\/\/aquamarine.boost.codes\/\",\"sameAs\":[\"https:\/\/www.instagram.com\/aquamarinespacz\/\",\"https:\/\/www.youtube.com\/channel\/UCvQ2S0WBOTcT7OEAVfISYHg\",\"https:\/\/www.facebook.com\/aquamarinespacz\/\"],\"logo\":{\"@type\":\"ImageObject\",\"inLanguage\":\"sk-SK\",\"@id\":\"https:\/\/aquamarine.boost.codes\/#\/schema\/logo\/image\/\",\"url\":\"https:\/\/aquamarine.boost.codes\/wp-content\/uploads\/2021\/10\/aquamarinespa-logo.jpg\",\"contentUrl\":\"https:\/\/aquamarine.boost.codes\/wp-content\/uploads\/2021\/10\/aquamarinespa-logo.jpg\",\"width\":1018,\"height\":499,\"caption\":\"AquamarineSpa\"},\"image\":{\"@id\":\"https:\/\/aquamarine.boost.codes\/#\/schema\/logo\/image\/\"}},{\"@type\":\"WebSite\",\"@id\":\"https:\/\/aquamarine.boost.codes\/#website\",\"url\":\"https:\/\/aquamarine.boost.codes\/\",\"name\":\"Aquamarine Dev\",\"description\":\"Just another WordPress site\",\"publisher\":{\"@id\":\"https:\/\/aquamarine.boost.codes\/#organization\"},\"potentialAction\":[{\"@type\":\"SearchAction\",\"target\":{\"@type\":\"EntryPoint\",\"urlTemplate\":\"https:\/\/aquamarine.boost.codes\/?s={search_term_string}\"},\"query-input\":\"required name=search_term_string\"}],\"inLanguage\":\"sk-SK\"},{\"@type\":\"WebPage\",\"@id\":\"https:\/\/aquamarine.boost.codes\/sk\/cena\/\",\"url\":\"https:\/\/aquamarine.boost.codes\/sk\/cena\/\",\"name\":\"Z\u00edska\u0165 detailn\u00fa cenov\u00fa ponuku - Aquamarine Dev\",\"isPartOf\":{\"@id\":\"https:\/\/aquamarine.boost.codes\/#website\"},\"datePublished\":\"2024-09-06T10:03:16+00:00\",\"dateModified\":\"2024-09-06T10:33:34+00:00\",\"breadcrumb\":{\"@id\":\"https:\/\/aquamarine.boost.codes\/sk\/cena\/#breadcrumb\"},\"inLanguage\":\"sk-SK\",\"potentialAction\":[{\"@type\":\"ReadAction\",\"target\":[\"https:\/\/aquamarine.boost.codes\/sk\/cena\/\"]}]},{\"@type\":\"BreadcrumbList\",\"@id\":\"https:\/\/aquamarine.boost.codes\/sk\/cena\/#breadcrumb\",\"itemListElement\":[{\"@type\":\"ListItem\",\"position\":1,\"name\":\"Dom\u016f\",\"item\":\"https:\/\/aquamarine.boost.codes\/sk\/\"},{\"@type\":\"ListItem\",\"position\":2,\"name\":\"Z\u00edska\u0165 detailn\u00fa cenov\u00fa ponuku\"}]}]}<\/script>\n<!-- \/ Yoast SEO plugin. -->","yoast_head_json":{"title":"Z\u00edska\u0165 detailn\u00fa cenov\u00fa ponuku - Aquamarine Dev","robots":{"index":"noindex","follow":"follow","max-snippet":"max-snippet:-1","max-image-preview":"max-image-preview:large","max-video-preview":"max-video-preview:-1"},"og_locale":"sk_SK","og_type":"article","og_title":"Z\u00edska\u0165 detailn\u00fa cenov\u00fa ponuku - Aquamarine Dev","og_description":"Z\u00edska\u0165 detailn\u00fa cenov\u00fa ponuku Po vyplnen\u00ed formul\u00e1ru v\u00e1m obratom za\u0161leme PDF s orienta\u010dn\u00fdmi cenami na\u0161\u00edch produktov. Aby sme v\u00e1m mohli pripravi\u0165 presn\u00fa cenov\u00fa ponuku, op\u00ed\u0161te pros\u00edm \u010do najdetailnej\u0161ie \u0161pecifik\u00e1cie v\u00e1\u0161ho projektu. Pre pr\u00edpad, \u017ee by sme od v\u00e1s potrebovali z\u00edska\u0165 bli\u017e\u0161ie inform\u00e1cie, vypl\u0148te pros\u00edm aj pol\u00ed\u010dko telef\u00f3n alebo e-mail. povinn\u00e9 pol\u00ed\u010dka [boost-space-forms host=&#8220;aquamarinespa.boost.space&#8220; id=&#8220;30&#8243;]","og_url":"https:\/\/aquamarine.boost.codes\/sk\/cena\/","og_site_name":"Aquamarine Dev","article_publisher":"https:\/\/www.facebook.com\/aquamarinespacz\/","article_modified_time":"2024-09-06T10:33:34+00:00","twitter_card":"summary_large_image","twitter_misc":{"Predpokladan\u00fd \u010das \u010d\u00edtania":"1 min\u00fata"},"schema":{"@context":"https:\/\/schema.org","@graph":[{"@type":"Organization","@id":"https:\/\/aquamarine.boost.codes\/#organization","name":"AquamarineSpa","url":"https:\/\/aquamarine.boost.codes\/","sameAs":["https:\/\/www.instagram.com\/aquamarinespacz\/","https:\/\/www.youtube.com\/channel\/UCvQ2S0WBOTcT7OEAVfISYHg","https:\/\/www.facebook.com\/aquamarinespacz\/"],"logo":{"@type":"ImageObject","inLanguage":"sk-SK","@id":"https:\/\/aquamarine.boost.codes\/#\/schema\/logo\/image\/","url":"https:\/\/aquamarine.boost.codes\/wp-content\/uploads\/2021\/10\/aquamarinespa-logo.jpg","contentUrl":"https:\/\/aquamarine.boost.codes\/wp-content\/uploads\/2021\/10\/aquamarinespa-logo.jpg","width":1018,"height":499,"caption":"AquamarineSpa"},"image":{"@id":"https:\/\/aquamarine.boost.codes\/#\/schema\/logo\/image\/"}},{"@type":"WebSite","@id":"https:\/\/aquamarine.boost.codes\/#website","url":"https:\/\/aquamarine.boost.codes\/","name":"Aquamarine Dev","description":"Just another WordPress site","publisher":{"@id":"https:\/\/aquamarine.boost.codes\/#organization"},"potentialAction":[{"@type":"SearchAction","target":{"@type":"EntryPoint","urlTemplate":"https:\/\/aquamarine.boost.codes\/?s={search_term_string}"},"query-input":"required name=search_term_string"}],"inLanguage":"sk-SK"},{"@type":"WebPage","@id":"https:\/\/aquamarine.boost.codes\/sk\/cena\/","url":"https:\/\/aquamarine.boost.codes\/sk\/cena\/","name":"Z\u00edska\u0165 detailn\u00fa cenov\u00fa ponuku - Aquamarine Dev","isPartOf":{"@id":"https:\/\/aquamarine.boost.codes\/#website"},"datePublished":"2024-09-06T10:03:16+00:00","dateModified":"2024-09-06T10:33:34+00:00","breadcrumb":{"@id":"https:\/\/aquamarine.boost.codes\/sk\/cena\/#breadcrumb"},"inLanguage":"sk-SK","potentialAction":[{"@type":"ReadAction","target":["https:\/\/aquamarine.boost.codes\/sk\/cena\/"]}]},{"@type":"BreadcrumbList","@id":"https:\/\/aquamarine.boost.codes\/sk\/cena\/#breadcrumb","itemListElement":[{"@type":"ListItem","position":1,"name":"Dom\u016f","item":"https:\/\/aquamarine.boost.codes\/sk\/"},{"@type":"ListItem","position":2,"name":"Z\u00edska\u0165 detailn\u00fa cenov\u00fa ponuku"}]}]}},"_links":{"self":[{"href":"https:\/\/aquamarine.boost.codes\/sk\/wp-json\/wp\/v2\/pages\/6832"}],"collection":[{"href":"https:\/\/aquamarine.boost.codes\/sk\/wp-json\/wp\/v2\/pages"}],"about":[{"href":"https:\/\/aquamarine.boost.codes\/sk\/wp-json\/wp\/v2\/types\/page"}],"author":[{"embeddable":true,"href":"https:\/\/aquamarine.boost.codes\/sk\/wp-json\/wp\/v2\/users\/10"}],"replies":[{"embeddable":true,"href":"https:\/\/aquamarine.boost.codes\/sk\/wp-json\/wp\/v2\/comments?post=6832"}],"version-history":[{"count":1,"href":"https:\/\/aquamarine.boost.codes\/sk\/wp-json\/wp\/v2\/pages\/6832\/revisions"}],"predecessor-version":[{"id":6833,"href":"https:\/\/aquamarine.boost.codes\/sk\/wp-json\/wp\/v2\/pages\/6832\/revisions\/6833"}],"wp:attachment":[{"href":"https:\/\/aquamarine.boost.codes\/sk\/wp-json\/wp\/v2\/media?parent=6832"}],"curies":[{"name":"wp","href":"https:\/\/api.w.org\/{rel}","templated":true}]}}