{"id":6558,"date":"2022-09-11T13:04:35","date_gmt":"2022-09-11T13:04:35","guid":{"rendered":"https:\/\/aquamarine.boost.codes\/?page_id=6558"},"modified":"2022-09-11T13:04:35","modified_gmt":"2022-09-11T13:04:35","slug":"zasady-zpracovani-osobnich-udaju","status":"publish","type":"page","link":"https:\/\/aquamarine.boost.codes\/sk\/zasady-zpracovani-osobnich-udaju\/","title":{"rendered":"Z\u00e1sady zpracov\u00e1n\u00ed osobn\u00edch \u00fadaj\u016f"},"content":{"rendered":"<section class=\"section--catalogue section--light\">\n<div class=\"inner\">\n<h1 class=\"heading heading--bigger heading--center heading--black heading--underline\">Z\u00e1sady zpracov\u00e1n\u00ed osobn\u00edch \u00fadaj\u016f<\/h1>\n<p><object data=\"\/files\/pdf\/zasady-zpracovani-aquamarine-spa.pdf\" type=\"application\/pdf\" width=\"100%;\" height=\"1100px;\"><iframe loading=\"lazy\" src=\"\/files\/pdf\/zasady-zpracovani-aquamarine-spa.pdf\" width=\"100%\" height=\"100%\" style=\"border: none;\"><br \/>\nThis browser does not support PDFs. Please download the PDF to view it: &lt;a href=&#8220;\/files\/pdf\/zasady-zpracovani-aquamarine-spa.pdf&#8220;&gt;Download PDF&lt;\/a&gt;<br \/>\n<\/iframe><\/object><\/p>\n<h2 class=\"heading heading--center heading--black heading--underline margin-top--2x\">Vyu\u017e\u00edv\u00e1n\u00ed soubor\u016f cookies<\/h2>\n<p><object data=\"\/files\/pdf\/cookies-aquamarine-spa.pdf\" type=\"application\/pdf\" width=\"100%;\" height=\"1100px;\"><iframe loading=\"lazy\" src=\"\/files\/pdf\/cookies-aquamarine-spa.pdf\" width=\"100%\" height=\"100%\" style=\"border: none;\"><br \/>\nThis browser does not support PDFs. Please download the PDF to view it: &lt;a href=&#8220;\/files\/pdf\/cookies-aquamarine-spa.pdf&#8220;&gt;Download PDF&lt;\/a&gt;<br \/>\n<\/iframe><\/object><\/p>\n<h2 class=\"heading heading--center heading--black heading--underline margin-top--2x\">GDPR \u017e\u00e1dosti<\/h2>\n<table style=\"width:100%;max-width:540px;margin:auto;\">\n<tr>\n<td><span class=\"paragraph\"><strong>\u017d\u00e1dost na omezen\u00ed<\/strong><\/span><\/td>\n<td><a target=\"_blank\" rel=\"nofollow noreferer noopener\" href=\"\/files\/pdf\/zadost-na-omezeni-zpracovani-aquamarine-spa.pdf\" class=\"button margin-top--05x\">St\u00e1hnout (PDF)<\/a><\/td>\n<\/tr>\n<tr>\n<td><span class=\"paragraph\"><strong>\u017d\u00e1dost na opravu<\/strong><\/span><\/td>\n<td><a target=\"_blank\" rel=\"nofollow noreferer noopener\" href=\"\/files\/pdf\/zadost-na-opravu-aquamarine-spa.pdf\" class=\"button margin-top--05x\">St\u00e1hnout (PDF)<\/a><\/td>\n<\/tr>\n<tr>\n<td><span class=\"paragraph\"><strong>\u017d\u00e1dost na p\u0159enositelnost<\/strong><\/span><\/td>\n<td><a target=\"_blank\" rel=\"nofollow noreferer noopener\" href=\"\/files\/pdf\/zadost-na-prenositelnost-aquamarine-spa.pdf\" class=\"button margin-top--05x\">St\u00e1hnout (PDF)<\/a><\/td>\n<\/tr>\n<tr>\n<td><span class=\"paragraph\"><strong>\u017d\u00e1dost na p\u0159\u00edstup<\/strong><\/span><\/td>\n<td><a target=\"_blank\" rel=\"nofollow noreferer noopener\" href=\"\/files\/pdf\/zadost-na-pristup-aquamarine-spa.pdf\" class=\"button margin-top--05x\">St\u00e1hnout (PDF)<\/a><\/td>\n<\/tr>\n<tr>\n<td><span class=\"paragraph\"><strong>\u017d\u00e1dost na uplatn\u011bn\u00ed n\u00e1mitky<\/strong><\/span><\/td>\n<td><a target=\"_blank\" rel=\"nofollow noreferer noopener\" href=\"\/files\/pdf\/zadost-na-uplatneni-namitky-aquamarine-spa.pdf\" class=\"button margin-top--05x\">St\u00e1hnout (PDF)<\/a><\/td>\n<\/tr>\n<tr>\n<td><span class=\"paragraph\"><strong>\u017d\u00e1dost na v\u00fdmaz<\/strong><\/span><\/td>\n<td><a target=\"_blank\" rel=\"nofollow noreferer noopener\" href=\"\/files\/pdf\/zadost-na-vymaz-aquamarine-spa.pdf\" class=\"button margin-top--05x\">St\u00e1hnout (PDF)<\/a><\/td>\n<\/tr>\n<\/table>\n<\/div>\n<p> <!-- .inner --><br \/>\n<\/section>\n<p> <!-- section products --><\/p>\n","protected":false},"excerpt":{"rendered":"Z\u00e1sady zpracov\u00e1n\u00ed osobn\u00edch \u00fadaj\u016f This browser does not support PDFs. Please download the PDF to view it: &lt;a href=&#8220;\/files\/pdf\/zasady-zpracovani-aquamarine-spa.pdf&#8220;&gt;Download PDF&lt;\/a&gt; Vyu\u017e\u00edv\u00e1n\u00ed soubor\u016f cookies This browser does not support PDFs. Please download the PDF to view it: &lt;a href=&#8220;\/files\/pdf\/cookies-aquamarine-spa.pdf&#8220;&gt;Download PDF&lt;\/a&gt; GDPR \u017e\u00e1dosti \u017d\u00e1dost na omezen\u00edSt\u00e1hnout (PDF) \u017d\u00e1dost na opravuSt\u00e1hnout (PDF) \u017d\u00e1dost na p\u0159enositelnostSt\u00e1hnout (PDF) \u017d\u00e1dost na [&hellip;]","protected":false},"author":4,"featured_media":0,"parent":0,"menu_order":0,"comment_status":"closed","ping_status":"closed","template":"","meta":[],"acf":[],"yoast_head":"<!-- This site is optimized with the Yoast SEO plugin v19.3 - https:\/\/yoast.com\/wordpress\/plugins\/seo\/ -->\n<title>Z\u00e1sady zpracov\u00e1n\u00ed osobn\u00edch \u00fadaj\u016f - Aquamarine Dev<\/title>\n<meta name=\"robots\" content=\"noindex, follow, max-snippet:-1, max-image-preview:large, max-video-preview:-1\" \/>\n<meta property=\"og:locale\" content=\"sk_SK\" \/>\n<meta property=\"og:type\" content=\"article\" \/>\n<meta property=\"og:title\" content=\"Z\u00e1sady zpracov\u00e1n\u00ed osobn\u00edch \u00fadaj\u016f - Aquamarine Dev\" \/>\n<meta property=\"og:description\" content=\"Z\u00e1sady zpracov\u00e1n\u00ed osobn\u00edch \u00fadaj\u016f This browser does not support PDFs. Please download the PDF to view it: &lt;a href=&#8220;\/files\/pdf\/zasady-zpracovani-aquamarine-spa.pdf&#8220;&gt;Download PDF&lt;\/a&gt; Vyu\u017e\u00edv\u00e1n\u00ed soubor\u016f cookies This browser does not support PDFs. Please download the PDF to view it: &lt;a href=&#8220;\/files\/pdf\/cookies-aquamarine-spa.pdf&#8220;&gt;Download PDF&lt;\/a&gt; GDPR \u017e\u00e1dosti \u017d\u00e1dost na omezen\u00edSt\u00e1hnout (PDF) \u017d\u00e1dost na opravuSt\u00e1hnout (PDF) \u017d\u00e1dost na p\u0159enositelnostSt\u00e1hnout (PDF) \u017d\u00e1dost na [&hellip;]\" \/>\n<meta property=\"og:url\" content=\"https:\/\/aquamarine.boost.codes\/sk\/zasady-zpracovani-osobnich-udaju\/\" \/>\n<meta property=\"og:site_name\" content=\"Aquamarine Dev\" \/>\n<meta property=\"article:publisher\" content=\"https:\/\/www.facebook.com\/aquamarinespacz\/\" \/>\n<meta name=\"twitter:card\" content=\"summary_large_image\" \/>\n<script type=\"application\/ld+json\" class=\"yoast-schema-graph\">{\"@context\":\"https:\/\/schema.org\",\"@graph\":[{\"@type\":\"Organization\",\"@id\":\"https:\/\/aquamarine.boost.codes\/#organization\",\"name\":\"AquamarineSpa\",\"url\":\"https:\/\/aquamarine.boost.codes\/\",\"sameAs\":[\"https:\/\/www.instagram.com\/aquamarinespacz\/\",\"https:\/\/www.youtube.com\/channel\/UCvQ2S0WBOTcT7OEAVfISYHg\",\"https:\/\/www.facebook.com\/aquamarinespacz\/\"],\"logo\":{\"@type\":\"ImageObject\",\"inLanguage\":\"sk-SK\",\"@id\":\"https:\/\/aquamarine.boost.codes\/#\/schema\/logo\/image\/\",\"url\":\"https:\/\/aquamarine.boost.codes\/wp-content\/uploads\/2021\/10\/aquamarinespa-logo.jpg\",\"contentUrl\":\"https:\/\/aquamarine.boost.codes\/wp-content\/uploads\/2021\/10\/aquamarinespa-logo.jpg\",\"width\":1018,\"height\":499,\"caption\":\"AquamarineSpa\"},\"image\":{\"@id\":\"https:\/\/aquamarine.boost.codes\/#\/schema\/logo\/image\/\"}},{\"@type\":\"WebSite\",\"@id\":\"https:\/\/aquamarine.boost.codes\/#website\",\"url\":\"https:\/\/aquamarine.boost.codes\/\",\"name\":\"Aquamarine Dev\",\"description\":\"Just another WordPress site\",\"publisher\":{\"@id\":\"https:\/\/aquamarine.boost.codes\/#organization\"},\"potentialAction\":[{\"@type\":\"SearchAction\",\"target\":{\"@type\":\"EntryPoint\",\"urlTemplate\":\"https:\/\/aquamarine.boost.codes\/?s={search_term_string}\"},\"query-input\":\"required name=search_term_string\"}],\"inLanguage\":\"sk-SK\"},{\"@type\":\"WebPage\",\"@id\":\"https:\/\/aquamarine.boost.codes\/sk\/zasady-zpracovani-osobnich-udaju\/\",\"url\":\"https:\/\/aquamarine.boost.codes\/sk\/zasady-zpracovani-osobnich-udaju\/\",\"name\":\"Z\u00e1sady zpracov\u00e1n\u00ed osobn\u00edch \u00fadaj\u016f - Aquamarine Dev\",\"isPartOf\":{\"@id\":\"https:\/\/aquamarine.boost.codes\/#website\"},\"datePublished\":\"2022-09-11T13:04:35+00:00\",\"dateModified\":\"2022-09-11T13:04:35+00:00\",\"breadcrumb\":{\"@id\":\"https:\/\/aquamarine.boost.codes\/sk\/zasady-zpracovani-osobnich-udaju\/#breadcrumb\"},\"inLanguage\":\"sk-SK\",\"potentialAction\":[{\"@type\":\"ReadAction\",\"target\":[\"https:\/\/aquamarine.boost.codes\/sk\/zasady-zpracovani-osobnich-udaju\/\"]}]},{\"@type\":\"BreadcrumbList\",\"@id\":\"https:\/\/aquamarine.boost.codes\/sk\/zasady-zpracovani-osobnich-udaju\/#breadcrumb\",\"itemListElement\":[{\"@type\":\"ListItem\",\"position\":1,\"name\":\"Dom\u016f\",\"item\":\"https:\/\/aquamarine.boost.codes\/sk\/\"},{\"@type\":\"ListItem\",\"position\":2,\"name\":\"Z\u00e1sady zpracov\u00e1n\u00ed osobn\u00edch \u00fadaj\u016f\"}]}]}<\/script>\n<!-- \/ Yoast SEO plugin. -->","yoast_head_json":{"title":"Z\u00e1sady zpracov\u00e1n\u00ed osobn\u00edch \u00fadaj\u016f - Aquamarine Dev","robots":{"index":"noindex","follow":"follow","max-snippet":"max-snippet:-1","max-image-preview":"max-image-preview:large","max-video-preview":"max-video-preview:-1"},"og_locale":"sk_SK","og_type":"article","og_title":"Z\u00e1sady zpracov\u00e1n\u00ed osobn\u00edch \u00fadaj\u016f - Aquamarine Dev","og_description":"Z\u00e1sady zpracov\u00e1n\u00ed osobn\u00edch \u00fadaj\u016f This browser does not support PDFs. Please download the PDF to view it: &lt;a href=&#8220;\/files\/pdf\/zasady-zpracovani-aquamarine-spa.pdf&#8220;&gt;Download PDF&lt;\/a&gt; Vyu\u017e\u00edv\u00e1n\u00ed soubor\u016f cookies This browser does not support PDFs. Please download the PDF to view it: &lt;a href=&#8220;\/files\/pdf\/cookies-aquamarine-spa.pdf&#8220;&gt;Download PDF&lt;\/a&gt; GDPR \u017e\u00e1dosti \u017d\u00e1dost na omezen\u00edSt\u00e1hnout (PDF) \u017d\u00e1dost na opravuSt\u00e1hnout (PDF) \u017d\u00e1dost na p\u0159enositelnostSt\u00e1hnout (PDF) \u017d\u00e1dost na [&hellip;]","og_url":"https:\/\/aquamarine.boost.codes\/sk\/zasady-zpracovani-osobnich-udaju\/","og_site_name":"Aquamarine Dev","article_publisher":"https:\/\/www.facebook.com\/aquamarinespacz\/","twitter_card":"summary_large_image","schema":{"@context":"https:\/\/schema.org","@graph":[{"@type":"Organization","@id":"https:\/\/aquamarine.boost.codes\/#organization","name":"AquamarineSpa","url":"https:\/\/aquamarine.boost.codes\/","sameAs":["https:\/\/www.instagram.com\/aquamarinespacz\/","https:\/\/www.youtube.com\/channel\/UCvQ2S0WBOTcT7OEAVfISYHg","https:\/\/www.facebook.com\/aquamarinespacz\/"],"logo":{"@type":"ImageObject","inLanguage":"sk-SK","@id":"https:\/\/aquamarine.boost.codes\/#\/schema\/logo\/image\/","url":"https:\/\/aquamarine.boost.codes\/wp-content\/uploads\/2021\/10\/aquamarinespa-logo.jpg","contentUrl":"https:\/\/aquamarine.boost.codes\/wp-content\/uploads\/2021\/10\/aquamarinespa-logo.jpg","width":1018,"height":499,"caption":"AquamarineSpa"},"image":{"@id":"https:\/\/aquamarine.boost.codes\/#\/schema\/logo\/image\/"}},{"@type":"WebSite","@id":"https:\/\/aquamarine.boost.codes\/#website","url":"https:\/\/aquamarine.boost.codes\/","name":"Aquamarine Dev","description":"Just another WordPress site","publisher":{"@id":"https:\/\/aquamarine.boost.codes\/#organization"},"potentialAction":[{"@type":"SearchAction","target":{"@type":"EntryPoint","urlTemplate":"https:\/\/aquamarine.boost.codes\/?s={search_term_string}"},"query-input":"required name=search_term_string"}],"inLanguage":"sk-SK"},{"@type":"WebPage","@id":"https:\/\/aquamarine.boost.codes\/sk\/zasady-zpracovani-osobnich-udaju\/","url":"https:\/\/aquamarine.boost.codes\/sk\/zasady-zpracovani-osobnich-udaju\/","name":"Z\u00e1sady zpracov\u00e1n\u00ed osobn\u00edch \u00fadaj\u016f - Aquamarine Dev","isPartOf":{"@id":"https:\/\/aquamarine.boost.codes\/#website"},"datePublished":"2022-09-11T13:04:35+00:00","dateModified":"2022-09-11T13:04:35+00:00","breadcrumb":{"@id":"https:\/\/aquamarine.boost.codes\/sk\/zasady-zpracovani-osobnich-udaju\/#breadcrumb"},"inLanguage":"sk-SK","potentialAction":[{"@type":"ReadAction","target":["https:\/\/aquamarine.boost.codes\/sk\/zasady-zpracovani-osobnich-udaju\/"]}]},{"@type":"BreadcrumbList","@id":"https:\/\/aquamarine.boost.codes\/sk\/zasady-zpracovani-osobnich-udaju\/#breadcrumb","itemListElement":[{"@type":"ListItem","position":1,"name":"Dom\u016f","item":"https:\/\/aquamarine.boost.codes\/sk\/"},{"@type":"ListItem","position":2,"name":"Z\u00e1sady zpracov\u00e1n\u00ed osobn\u00edch \u00fadaj\u016f"}]}]}},"_links":{"self":[{"href":"https:\/\/aquamarine.boost.codes\/sk\/wp-json\/wp\/v2\/pages\/6558"}],"collection":[{"href":"https:\/\/aquamarine.boost.codes\/sk\/wp-json\/wp\/v2\/pages"}],"about":[{"href":"https:\/\/aquamarine.boost.codes\/sk\/wp-json\/wp\/v2\/types\/page"}],"author":[{"embeddable":true,"href":"https:\/\/aquamarine.boost.codes\/sk\/wp-json\/wp\/v2\/users\/4"}],"replies":[{"embeddable":true,"href":"https:\/\/aquamarine.boost.codes\/sk\/wp-json\/wp\/v2\/comments?post=6558"}],"version-history":[{"count":1,"href":"https:\/\/aquamarine.boost.codes\/sk\/wp-json\/wp\/v2\/pages\/6558\/revisions"}],"predecessor-version":[{"id":6559,"href":"https:\/\/aquamarine.boost.codes\/sk\/wp-json\/wp\/v2\/pages\/6558\/revisions\/6559"}],"wp:attachment":[{"href":"https:\/\/aquamarine.boost.codes\/sk\/wp-json\/wp\/v2\/media?parent=6558"}],"curies":[{"name":"wp","href":"https:\/\/api.w.org\/{rel}","templated":true}]}}