{"id":6290,"date":"2022-08-14T19:27:01","date_gmt":"2022-08-14T19:27:01","guid":{"rendered":"https:\/\/aquamarine.boost.codes\/dohodnut-si-schodzku\/"},"modified":"2022-08-14T19:27:01","modified_gmt":"2022-08-14T19:27:01","slug":"dohodnut-si-schodzku","status":"publish","type":"page","link":"https:\/\/aquamarine.boost.codes\/sk\/dohodnut-si-schodzku\/","title":{"rendered":"Dohodn\u00fa\u0165 si sch\u00f4dzku"},"content":{"rendered":"<section class=\"section--catalogue section--light\">\n<div class=\"inner\">\n<h1 class=\"heading heading--bigger heading--center heading--black heading--underline\">Dohodn\u00fa\u0165 si sch\u00f4dzku<\/h1>\n<div class=\"row\">\n<div class=\"col-xs-12 col-sm-12 col-md-2 col-lg-2\"><\/div>\n<div class=\"col-xs-12 col-sm-12 col-md-8 col-lg-8\">\n<p class=\"paragraph paragraph--medium align-center margin-top--05x\">Chcete si dohodn\u00fa\u0165 osobn\u00fa alebo on-line sch\u00f4dzku? Vypl\u0148te pros\u00edm formul\u00e1r a <strong>my v\u00e1m odpovieme hne\u010f, ke\u010f to bude mo\u017en\u00e9<\/strong>. M\u00f4\u017eete n\u00e1m necha\u0165 aj va\u0161e telef\u00f3nne \u010d\u00edslo a my sa v\u00e1m ozveme.<\/p>\n<\/div>\n<div class=\"col-xs-12 col-sm-12 col-md-2 col-lg-2\"><\/div>\n<\/div>\n<div class=\"section--catalogue-form section--queries-form\">\n<p><span class=\"paragraph paragraph--medium section--catalogue-form-required-data input-required\">povinn\u00e9 pole<\/span><\/p>\n<\/div>\n<\/div>\n<\/section>\n<div role=\"form\" class=\"wpcf7\" id=\"wpcf7-f520-o1\" lang=\"en-US\" dir=\"ltr\">\n<div class=\"screen-reader-response\"><p role=\"status\" aria-live=\"polite\" aria-atomic=\"true\"><\/p> <ul><\/ul><\/div>\n<form action=\"\/sk\/wp-json\/wp\/v2\/pages\/6290#wpcf7-f520-o1\" method=\"post\" class=\"wpcf7-form init\" novalidate=\"novalidate\" data-status=\"init\">\n<div style=\"display: none;\">\n<input type=\"hidden\" name=\"_wpcf7\" value=\"520\" \/>\n<input type=\"hidden\" name=\"_wpcf7_version\" value=\"5.6\" \/>\n<input type=\"hidden\" name=\"_wpcf7_locale\" value=\"en_US\" \/>\n<input type=\"hidden\" name=\"_wpcf7_unit_tag\" value=\"wpcf7-f520-o1\" \/>\n<input type=\"hidden\" name=\"_wpcf7_container_post\" value=\"0\" \/>\n<input type=\"hidden\" name=\"_wpcf7_posted_data_hash\" value=\"\" \/>\n<\/div>\n<div class=\"wpcf7-response-output\" aria-hidden=\"true\"><\/div>\n<div class=\"input-wrap input-required\">\n  <label class=\"input-label\">E-mail<\/label> <span class=\"wpcf7-form-control-wrap\" data-name=\"your-email\"><input type=\"email\" name=\"your-email\" value=\"\" size=\"40\" class=\"wpcf7-form-control wpcf7-text wpcf7-email wpcf7-validates-as-required wpcf7-validates-as-email input\" aria-required=\"true\" aria-invalid=\"false\" \/><\/span>\n<\/div>\n<div class=\"input-wrap\">\n  <label class=\"input-label\">Name<\/label> <span class=\"wpcf7-form-control-wrap\" data-name=\"your-name\"><input type=\"text\" name=\"your-name\" value=\"\" size=\"40\" class=\"wpcf7-form-control wpcf7-text input\" aria-invalid=\"false\" \/><\/span>\n<\/div>\n<div class=\"input-wrap\">\n  <label class=\"input-label\">Phone number<\/label> <span class=\"wpcf7-form-control-wrap\" data-name=\"your-tel\"><input type=\"tel\" name=\"your-tel\" value=\"\" size=\"40\" class=\"wpcf7-form-control wpcf7-text wpcf7-tel wpcf7-validates-as-tel input\" aria-invalid=\"false\" \/><\/span>\n<\/div>\n<div class=\"input-wrap\">\n  <label class=\"input-label\">Your query<\/label> <span class=\"wpcf7-form-control-wrap\" data-name=\"your-query\"><input type=\"text\" name=\"your-query\" value=\"\" size=\"40\" class=\"wpcf7-form-control wpcf7-text input\" aria-invalid=\"false\" \/><\/span>\n<\/div>\n<div class=\"input-wrap select-wrap input-required\">\n  <span class=\"wpcf7-form-control-wrap\" data-name=\"meeting-type\"><select name=\"meeting-type\" class=\"wpcf7-form-control wpcf7-select wpcf7-validates-as-required input\" aria-required=\"true\" aria-invalid=\"false\"><option value=\"\">Type of meeting<\/option><option value=\"Online\">Online<\/option><option value=\"In person\">In person<\/option><\/select><\/span>\n<\/div>\n<div class=\"input-wrap\">\n  <label class=\"input-label\">Preferred day and time<\/label> <span class=\"wpcf7-form-control-wrap\" data-name=\"prefered-day-time\"><input type=\"text\" name=\"prefered-day-time\" value=\"\" size=\"40\" class=\"wpcf7-form-control wpcf7-text input\" aria-invalid=\"false\" \/><\/span>\n<\/div>\n<div class=\"margin-top--15x\">\n  <span class=\"wpcf7-form-control-wrap\" data-name=\"acceptance-646\"><span class=\"wpcf7-form-control wpcf7-acceptance\"><span class=\"wpcf7-list-item\"><label><input type=\"checkbox\" name=\"acceptance-646\" value=\"1\" aria-invalid=\"false\" class=\"input\" \/><span class=\"wpcf7-list-item-label\">I agree with <a href=\"#\" class=\"link\">the processing of personal data<\/a><\/span><\/label><\/span><\/span><\/span><br \/>\n  <span class=\"wpcf7-form-control-wrap\" data-name=\"acceptance-646\"><span class=\"wpcf7-form-control wpcf7-acceptance optional\"><span class=\"wpcf7-list-item\"><label><input type=\"checkbox\" name=\"acceptance-646\" value=\"1\" aria-invalid=\"false\" class=\"input\" \/><span class=\"wpcf7-list-item-label\">I want to receive news from the world of wellness<\/span><\/label><\/span><\/span><\/span>\n<\/div>\n<div class=\"align-center margin-top--15x\">\n  <button id='submit' class='wpcf7-form-control wpcf7-submit button button--black button--arrow button--shadow margin-top--1x'>Send<\/button>\n<\/div>\n<\/form><\/div><\/div>\n<\/div>\n<p><!-- .inner --><br \/>\n<\/section>\n<p><!-- section products --><\/p>\n","protected":false},"excerpt":{"rendered":"Dohodn\u00fa\u0165 si sch\u00f4dzku Chcete si dohodn\u00fa\u0165 osobn\u00fa alebo on-line sch\u00f4dzku? Vypl\u0148te pros\u00edm formul\u00e1r a my v\u00e1m odpovieme hne\u010f, ke\u010f to bude mo\u017en\u00e9. M\u00f4\u017eete n\u00e1m necha\u0165 aj va\u0161e telef\u00f3nne \u010d\u00edslo a my sa v\u00e1m ozveme. povinn\u00e9 pole","protected":false},"author":1,"featured_media":0,"parent":0,"menu_order":0,"comment_status":"closed","ping_status":"closed","template":"","meta":[],"acf":[],"yoast_head":"<!-- This site is optimized with the Yoast SEO plugin v19.3 - https:\/\/yoast.com\/wordpress\/plugins\/seo\/ -->\n<title>Dohodn\u00fa\u0165 si sch\u00f4dzku - Aquamarine Dev<\/title>\n<meta name=\"robots\" content=\"noindex, follow, max-snippet:-1, max-image-preview:large, max-video-preview:-1\" \/>\n<meta property=\"og:locale\" content=\"sk_SK\" \/>\n<meta property=\"og:type\" content=\"article\" \/>\n<meta property=\"og:title\" content=\"Dohodn\u00fa\u0165 si sch\u00f4dzku - Aquamarine Dev\" \/>\n<meta property=\"og:description\" content=\"Dohodn\u00fa\u0165 si sch\u00f4dzku Chcete si dohodn\u00fa\u0165 osobn\u00fa alebo on-line sch\u00f4dzku? Vypl\u0148te pros\u00edm formul\u00e1r a my v\u00e1m odpovieme hne\u010f, ke\u010f to bude mo\u017en\u00e9. M\u00f4\u017eete n\u00e1m necha\u0165 aj va\u0161e telef\u00f3nne \u010d\u00edslo a my sa v\u00e1m ozveme. povinn\u00e9 pole\" \/>\n<meta property=\"og:url\" content=\"https:\/\/aquamarine.boost.codes\/sk\/dohodnut-si-schodzku\/\" \/>\n<meta property=\"og:site_name\" content=\"Aquamarine Dev\" \/>\n<meta property=\"article:publisher\" content=\"https:\/\/www.facebook.com\/aquamarinespacz\/\" \/>\n<meta name=\"twitter:card\" content=\"summary_large_image\" \/>\n<script type=\"application\/ld+json\" class=\"yoast-schema-graph\">{\"@context\":\"https:\/\/schema.org\",\"@graph\":[{\"@type\":\"Organization\",\"@id\":\"https:\/\/aquamarine.boost.codes\/#organization\",\"name\":\"AquamarineSpa\",\"url\":\"https:\/\/aquamarine.boost.codes\/\",\"sameAs\":[\"https:\/\/www.instagram.com\/aquamarinespacz\/\",\"https:\/\/www.youtube.com\/channel\/UCvQ2S0WBOTcT7OEAVfISYHg\",\"https:\/\/www.facebook.com\/aquamarinespacz\/\"],\"logo\":{\"@type\":\"ImageObject\",\"inLanguage\":\"sk-SK\",\"@id\":\"https:\/\/aquamarine.boost.codes\/#\/schema\/logo\/image\/\",\"url\":\"https:\/\/aquamarine.boost.codes\/wp-content\/uploads\/2021\/10\/aquamarinespa-logo.jpg\",\"contentUrl\":\"https:\/\/aquamarine.boost.codes\/wp-content\/uploads\/2021\/10\/aquamarinespa-logo.jpg\",\"width\":1018,\"height\":499,\"caption\":\"AquamarineSpa\"},\"image\":{\"@id\":\"https:\/\/aquamarine.boost.codes\/#\/schema\/logo\/image\/\"}},{\"@type\":\"WebSite\",\"@id\":\"https:\/\/aquamarine.boost.codes\/#website\",\"url\":\"https:\/\/aquamarine.boost.codes\/\",\"name\":\"Aquamarine Dev\",\"description\":\"Just another WordPress site\",\"publisher\":{\"@id\":\"https:\/\/aquamarine.boost.codes\/#organization\"},\"potentialAction\":[{\"@type\":\"SearchAction\",\"target\":{\"@type\":\"EntryPoint\",\"urlTemplate\":\"https:\/\/aquamarine.boost.codes\/?s={search_term_string}\"},\"query-input\":\"required name=search_term_string\"}],\"inLanguage\":\"sk-SK\"},{\"@type\":\"WebPage\",\"@id\":\"https:\/\/aquamarine.boost.codes\/sk\/dohodnut-si-schodzku\/\",\"url\":\"https:\/\/aquamarine.boost.codes\/sk\/dohodnut-si-schodzku\/\",\"name\":\"Dohodn\u00fa\u0165 si sch\u00f4dzku - Aquamarine Dev\",\"isPartOf\":{\"@id\":\"https:\/\/aquamarine.boost.codes\/#website\"},\"datePublished\":\"2022-08-14T19:27:01+00:00\",\"dateModified\":\"2022-08-14T19:27:01+00:00\",\"breadcrumb\":{\"@id\":\"https:\/\/aquamarine.boost.codes\/sk\/dohodnut-si-schodzku\/#breadcrumb\"},\"inLanguage\":\"sk-SK\",\"potentialAction\":[{\"@type\":\"ReadAction\",\"target\":[\"https:\/\/aquamarine.boost.codes\/sk\/dohodnut-si-schodzku\/\"]}]},{\"@type\":\"BreadcrumbList\",\"@id\":\"https:\/\/aquamarine.boost.codes\/sk\/dohodnut-si-schodzku\/#breadcrumb\",\"itemListElement\":[{\"@type\":\"ListItem\",\"position\":1,\"name\":\"Dom\u016f\",\"item\":\"https:\/\/aquamarine.boost.codes\/sk\/\"},{\"@type\":\"ListItem\",\"position\":2,\"name\":\"Dohodn\u00fa\u0165 si sch\u00f4dzku\"}]}]}<\/script>\n<!-- \/ Yoast SEO plugin. -->","yoast_head_json":{"title":"Dohodn\u00fa\u0165 si sch\u00f4dzku - Aquamarine Dev","robots":{"index":"noindex","follow":"follow","max-snippet":"max-snippet:-1","max-image-preview":"max-image-preview:large","max-video-preview":"max-video-preview:-1"},"og_locale":"sk_SK","og_type":"article","og_title":"Dohodn\u00fa\u0165 si sch\u00f4dzku - Aquamarine Dev","og_description":"Dohodn\u00fa\u0165 si sch\u00f4dzku Chcete si dohodn\u00fa\u0165 osobn\u00fa alebo on-line sch\u00f4dzku? Vypl\u0148te pros\u00edm formul\u00e1r a my v\u00e1m odpovieme hne\u010f, ke\u010f to bude mo\u017en\u00e9. M\u00f4\u017eete n\u00e1m necha\u0165 aj va\u0161e telef\u00f3nne \u010d\u00edslo a my sa v\u00e1m ozveme. povinn\u00e9 pole","og_url":"https:\/\/aquamarine.boost.codes\/sk\/dohodnut-si-schodzku\/","og_site_name":"Aquamarine Dev","article_publisher":"https:\/\/www.facebook.com\/aquamarinespacz\/","twitter_card":"summary_large_image","schema":{"@context":"https:\/\/schema.org","@graph":[{"@type":"Organization","@id":"https:\/\/aquamarine.boost.codes\/#organization","name":"AquamarineSpa","url":"https:\/\/aquamarine.boost.codes\/","sameAs":["https:\/\/www.instagram.com\/aquamarinespacz\/","https:\/\/www.youtube.com\/channel\/UCvQ2S0WBOTcT7OEAVfISYHg","https:\/\/www.facebook.com\/aquamarinespacz\/"],"logo":{"@type":"ImageObject","inLanguage":"sk-SK","@id":"https:\/\/aquamarine.boost.codes\/#\/schema\/logo\/image\/","url":"https:\/\/aquamarine.boost.codes\/wp-content\/uploads\/2021\/10\/aquamarinespa-logo.jpg","contentUrl":"https:\/\/aquamarine.boost.codes\/wp-content\/uploads\/2021\/10\/aquamarinespa-logo.jpg","width":1018,"height":499,"caption":"AquamarineSpa"},"image":{"@id":"https:\/\/aquamarine.boost.codes\/#\/schema\/logo\/image\/"}},{"@type":"WebSite","@id":"https:\/\/aquamarine.boost.codes\/#website","url":"https:\/\/aquamarine.boost.codes\/","name":"Aquamarine Dev","description":"Just another WordPress site","publisher":{"@id":"https:\/\/aquamarine.boost.codes\/#organization"},"potentialAction":[{"@type":"SearchAction","target":{"@type":"EntryPoint","urlTemplate":"https:\/\/aquamarine.boost.codes\/?s={search_term_string}"},"query-input":"required name=search_term_string"}],"inLanguage":"sk-SK"},{"@type":"WebPage","@id":"https:\/\/aquamarine.boost.codes\/sk\/dohodnut-si-schodzku\/","url":"https:\/\/aquamarine.boost.codes\/sk\/dohodnut-si-schodzku\/","name":"Dohodn\u00fa\u0165 si sch\u00f4dzku - Aquamarine Dev","isPartOf":{"@id":"https:\/\/aquamarine.boost.codes\/#website"},"datePublished":"2022-08-14T19:27:01+00:00","dateModified":"2022-08-14T19:27:01+00:00","breadcrumb":{"@id":"https:\/\/aquamarine.boost.codes\/sk\/dohodnut-si-schodzku\/#breadcrumb"},"inLanguage":"sk-SK","potentialAction":[{"@type":"ReadAction","target":["https:\/\/aquamarine.boost.codes\/sk\/dohodnut-si-schodzku\/"]}]},{"@type":"BreadcrumbList","@id":"https:\/\/aquamarine.boost.codes\/sk\/dohodnut-si-schodzku\/#breadcrumb","itemListElement":[{"@type":"ListItem","position":1,"name":"Dom\u016f","item":"https:\/\/aquamarine.boost.codes\/sk\/"},{"@type":"ListItem","position":2,"name":"Dohodn\u00fa\u0165 si sch\u00f4dzku"}]}]}},"_links":{"self":[{"href":"https:\/\/aquamarine.boost.codes\/sk\/wp-json\/wp\/v2\/pages\/6290"}],"collection":[{"href":"https:\/\/aquamarine.boost.codes\/sk\/wp-json\/wp\/v2\/pages"}],"about":[{"href":"https:\/\/aquamarine.boost.codes\/sk\/wp-json\/wp\/v2\/types\/page"}],"author":[{"embeddable":true,"href":"https:\/\/aquamarine.boost.codes\/sk\/wp-json\/wp\/v2\/users\/1"}],"replies":[{"embeddable":true,"href":"https:\/\/aquamarine.boost.codes\/sk\/wp-json\/wp\/v2\/comments?post=6290"}],"version-history":[{"count":2,"href":"https:\/\/aquamarine.boost.codes\/sk\/wp-json\/wp\/v2\/pages\/6290\/revisions"}],"predecessor-version":[{"id":6292,"href":"https:\/\/aquamarine.boost.codes\/sk\/wp-json\/wp\/v2\/pages\/6290\/revisions\/6292"}],"wp:attachment":[{"href":"https:\/\/aquamarine.boost.codes\/sk\/wp-json\/wp\/v2\/media?parent=6290"}],"curies":[{"name":"wp","href":"https:\/\/api.w.org\/{rel}","templated":true}]}}