{"id":6286,"date":"2022-08-14T19:25:08","date_gmt":"2022-08-14T19:25:08","guid":{"rendered":"https:\/\/aquamarine.boost.codes\/spytajte-sa-nas\/"},"modified":"2022-08-14T19:25:08","modified_gmt":"2022-08-14T19:25:08","slug":"spytajte-sa-nas","status":"publish","type":"page","link":"https:\/\/aquamarine.boost.codes\/sk\/spytajte-sa-nas\/","title":{"rendered":"Sp\u00fdtajte sa n\u00e1s"},"content":{"rendered":"<section class=\"section--catalogue section--light\">\n<div class=\"inner\">\n<h1 class=\"heading heading--bigger heading--center heading--black heading--underline\">Sp\u00fdtajte sa n\u00e1s<\/h1>\n<div class=\"row\">\n<div class=\"col-xs-12 col-sm-12 col-md-2 col-lg-2\"><\/div>\n<div class=\"col-xs-12 col-sm-12 col-md-8 col-lg-8\">\n<p class=\"paragraph paragraph--medium align-center margin-top--05x\">M\u00e1te ot\u00e1zku s\u00favisiacu s na\u0161imi v\u00fdrobkami?\u00a0Nap\u00ed\u0161te n\u00e1m a my v\u00e1m \u010do najsk\u00f4r odpovieme.\u00a0Alebo m\u00f4\u017eete zanecha\u0165 va\u0161e telef\u00f3nne \u010d\u00edslo a my v\u00e1s budeme kontaktova\u0165.<\/p>\n<\/div>\n<div class=\"col-xs-12 col-sm-12 col-md-2 col-lg-2\"><\/div>\n<\/div>\n<div class=\"section--catalogue-form section--queries-form\">\n<p><span class=\"paragraph paragraph--medium section--catalogue-form-required-data input-required\">povinn\u00e9 pole<\/span><\/p>\n<\/div>\n<\/div>\n<\/section>\n<div role=\"form\" class=\"wpcf7\" id=\"wpcf7-f253-o1\" lang=\"en-US\" dir=\"ltr\">\n<div class=\"screen-reader-response\"><p role=\"status\" aria-live=\"polite\" aria-atomic=\"true\"><\/p> <ul><\/ul><\/div>\n<form action=\"\/sk\/wp-json\/wp\/v2\/pages\/6286#wpcf7-f253-o1\" method=\"post\" class=\"wpcf7-form init\" novalidate=\"novalidate\" data-status=\"init\">\n<div style=\"display: none;\">\n<input type=\"hidden\" name=\"_wpcf7\" value=\"253\" \/>\n<input type=\"hidden\" name=\"_wpcf7_version\" value=\"5.6\" \/>\n<input type=\"hidden\" name=\"_wpcf7_locale\" value=\"en_US\" \/>\n<input type=\"hidden\" name=\"_wpcf7_unit_tag\" value=\"wpcf7-f253-o1\" \/>\n<input type=\"hidden\" name=\"_wpcf7_container_post\" value=\"0\" \/>\n<input type=\"hidden\" name=\"_wpcf7_posted_data_hash\" value=\"\" \/>\n<\/div>\n<div class=\"wpcf7-response-output\" aria-hidden=\"true\"><\/div>\n<div class=\"input-wrap input-required\">\n  <label class=\"input-label\">E-mail<\/label> <span class=\"wpcf7-form-control-wrap\" data-name=\"your-email\"><input type=\"email\" name=\"your-email\" value=\"\" size=\"40\" class=\"wpcf7-form-control wpcf7-text wpcf7-email wpcf7-validates-as-required wpcf7-validates-as-email input\" aria-required=\"true\" aria-invalid=\"false\" \/><\/span>\n<\/div>\n<div class=\"input-wrap\">\n  <label class=\"input-label\">Name<\/label> <span class=\"wpcf7-form-control-wrap\" data-name=\"your-name\"><input type=\"text\" name=\"your-name\" value=\"\" size=\"40\" class=\"wpcf7-form-control wpcf7-text input\" aria-invalid=\"false\" \/><\/span>\n<\/div>\n<div class=\"input-wrap\">\n  <label class=\"input-label\">Phone number<\/label> <span class=\"wpcf7-form-control-wrap\" data-name=\"your-tel\"><input type=\"tel\" name=\"your-tel\" value=\"\" size=\"40\" class=\"wpcf7-form-control wpcf7-text wpcf7-tel wpcf7-validates-as-tel input\" aria-invalid=\"false\" \/><\/span>\n<\/div>\n<div class=\"input-wrap input-required\">\n  <label class=\"input-label textarea-label\">Your query<\/label> <span class=\"wpcf7-form-control-wrap\" data-name=\"your-query\"><textarea name=\"your-query\" cols=\"40\" rows=\"1\" class=\"wpcf7-form-control wpcf7-textarea wpcf7-validates-as-required input\" aria-required=\"true\" aria-invalid=\"false\"><\/textarea><\/span>\n<\/div>\n<div class=\"margin-top--15x\">\n  <span class=\"wpcf7-form-control-wrap\" data-name=\"acceptance-646\"><span class=\"wpcf7-form-control wpcf7-acceptance\"><span class=\"wpcf7-list-item\"><label><input type=\"checkbox\" name=\"acceptance-646\" value=\"1\" aria-invalid=\"false\" class=\"input\" \/><span class=\"wpcf7-list-item-label\">I agree with <a href=\"#\" class=\"link\">the processing of personal data<\/a><\/span><\/label><\/span><\/span><\/span><br \/>\n  <span class=\"wpcf7-form-control-wrap\" data-name=\"acceptance-646\"><span class=\"wpcf7-form-control wpcf7-acceptance optional\"><span class=\"wpcf7-list-item\"><label><input type=\"checkbox\" name=\"acceptance-646\" value=\"1\" aria-invalid=\"false\" class=\"input\" \/><span class=\"wpcf7-list-item-label\">I want to receive news from the world of wellness<\/span><\/label><\/span><\/span><\/span>\n<\/div>\n<div class=\"align-center margin-top--15x\">\n  <button id='submit' class='wpcf7-form-control wpcf7-submit button button--black button--arrow button--shadow margin-top--1x'>Send<\/button>\n<\/div>\n<\/form><\/div><\/div><\/div>\n<p> <!-- .inner --><br \/>\n<\/section>\n<p> <!-- section products --><\/p>\n","protected":false},"excerpt":{"rendered":"Sp\u00fdtajte sa n\u00e1s M\u00e1te ot\u00e1zku s\u00favisiacu s na\u0161imi v\u00fdrobkami?\u00a0Nap\u00ed\u0161te n\u00e1m a my v\u00e1m \u010do najsk\u00f4r odpovieme.\u00a0Alebo m\u00f4\u017eete zanecha\u0165 va\u0161e telef\u00f3nne \u010d\u00edslo a my v\u00e1s budeme kontaktova\u0165. povinn\u00e9 pole","protected":false},"author":1,"featured_media":0,"parent":0,"menu_order":0,"comment_status":"closed","ping_status":"closed","template":"","meta":[],"acf":[],"yoast_head":"<!-- This site is optimized with the Yoast SEO plugin v19.3 - https:\/\/yoast.com\/wordpress\/plugins\/seo\/ -->\n<title>Sp\u00fdtajte sa n\u00e1s - Aquamarine Dev<\/title>\n<meta name=\"robots\" content=\"noindex, follow, max-snippet:-1, max-image-preview:large, max-video-preview:-1\" \/>\n<meta property=\"og:locale\" content=\"sk_SK\" \/>\n<meta property=\"og:type\" content=\"article\" \/>\n<meta property=\"og:title\" content=\"Sp\u00fdtajte sa n\u00e1s - Aquamarine Dev\" \/>\n<meta property=\"og:description\" content=\"Sp\u00fdtajte sa n\u00e1s M\u00e1te ot\u00e1zku s\u00favisiacu s na\u0161imi v\u00fdrobkami?\u00a0Nap\u00ed\u0161te n\u00e1m a my v\u00e1m \u010do najsk\u00f4r odpovieme.\u00a0Alebo m\u00f4\u017eete zanecha\u0165 va\u0161e telef\u00f3nne \u010d\u00edslo a my v\u00e1s budeme kontaktova\u0165. povinn\u00e9 pole\" \/>\n<meta property=\"og:url\" content=\"https:\/\/aquamarine.boost.codes\/sk\/spytajte-sa-nas\/\" \/>\n<meta property=\"og:site_name\" content=\"Aquamarine Dev\" \/>\n<meta property=\"article:publisher\" content=\"https:\/\/www.facebook.com\/aquamarinespacz\/\" \/>\n<meta name=\"twitter:card\" content=\"summary_large_image\" \/>\n<script type=\"application\/ld+json\" class=\"yoast-schema-graph\">{\"@context\":\"https:\/\/schema.org\",\"@graph\":[{\"@type\":\"Organization\",\"@id\":\"https:\/\/aquamarine.boost.codes\/#organization\",\"name\":\"AquamarineSpa\",\"url\":\"https:\/\/aquamarine.boost.codes\/\",\"sameAs\":[\"https:\/\/www.instagram.com\/aquamarinespacz\/\",\"https:\/\/www.youtube.com\/channel\/UCvQ2S0WBOTcT7OEAVfISYHg\",\"https:\/\/www.facebook.com\/aquamarinespacz\/\"],\"logo\":{\"@type\":\"ImageObject\",\"inLanguage\":\"sk-SK\",\"@id\":\"https:\/\/aquamarine.boost.codes\/#\/schema\/logo\/image\/\",\"url\":\"https:\/\/aquamarine.boost.codes\/wp-content\/uploads\/2021\/10\/aquamarinespa-logo.jpg\",\"contentUrl\":\"https:\/\/aquamarine.boost.codes\/wp-content\/uploads\/2021\/10\/aquamarinespa-logo.jpg\",\"width\":1018,\"height\":499,\"caption\":\"AquamarineSpa\"},\"image\":{\"@id\":\"https:\/\/aquamarine.boost.codes\/#\/schema\/logo\/image\/\"}},{\"@type\":\"WebSite\",\"@id\":\"https:\/\/aquamarine.boost.codes\/#website\",\"url\":\"https:\/\/aquamarine.boost.codes\/\",\"name\":\"Aquamarine Dev\",\"description\":\"Just another WordPress site\",\"publisher\":{\"@id\":\"https:\/\/aquamarine.boost.codes\/#organization\"},\"potentialAction\":[{\"@type\":\"SearchAction\",\"target\":{\"@type\":\"EntryPoint\",\"urlTemplate\":\"https:\/\/aquamarine.boost.codes\/?s={search_term_string}\"},\"query-input\":\"required name=search_term_string\"}],\"inLanguage\":\"sk-SK\"},{\"@type\":\"WebPage\",\"@id\":\"https:\/\/aquamarine.boost.codes\/sk\/spytajte-sa-nas\/\",\"url\":\"https:\/\/aquamarine.boost.codes\/sk\/spytajte-sa-nas\/\",\"name\":\"Sp\u00fdtajte sa n\u00e1s - Aquamarine Dev\",\"isPartOf\":{\"@id\":\"https:\/\/aquamarine.boost.codes\/#website\"},\"datePublished\":\"2022-08-14T19:25:08+00:00\",\"dateModified\":\"2022-08-14T19:25:08+00:00\",\"breadcrumb\":{\"@id\":\"https:\/\/aquamarine.boost.codes\/sk\/spytajte-sa-nas\/#breadcrumb\"},\"inLanguage\":\"sk-SK\",\"potentialAction\":[{\"@type\":\"ReadAction\",\"target\":[\"https:\/\/aquamarine.boost.codes\/sk\/spytajte-sa-nas\/\"]}]},{\"@type\":\"BreadcrumbList\",\"@id\":\"https:\/\/aquamarine.boost.codes\/sk\/spytajte-sa-nas\/#breadcrumb\",\"itemListElement\":[{\"@type\":\"ListItem\",\"position\":1,\"name\":\"Dom\u016f\",\"item\":\"https:\/\/aquamarine.boost.codes\/sk\/\"},{\"@type\":\"ListItem\",\"position\":2,\"name\":\"Sp\u00fdtajte sa n\u00e1s\"}]}]}<\/script>\n<!-- \/ Yoast SEO plugin. -->","yoast_head_json":{"title":"Sp\u00fdtajte sa n\u00e1s - Aquamarine Dev","robots":{"index":"noindex","follow":"follow","max-snippet":"max-snippet:-1","max-image-preview":"max-image-preview:large","max-video-preview":"max-video-preview:-1"},"og_locale":"sk_SK","og_type":"article","og_title":"Sp\u00fdtajte sa n\u00e1s - Aquamarine Dev","og_description":"Sp\u00fdtajte sa n\u00e1s M\u00e1te ot\u00e1zku s\u00favisiacu s na\u0161imi v\u00fdrobkami?\u00a0Nap\u00ed\u0161te n\u00e1m a my v\u00e1m \u010do najsk\u00f4r odpovieme.\u00a0Alebo m\u00f4\u017eete zanecha\u0165 va\u0161e telef\u00f3nne \u010d\u00edslo a my v\u00e1s budeme kontaktova\u0165. povinn\u00e9 pole","og_url":"https:\/\/aquamarine.boost.codes\/sk\/spytajte-sa-nas\/","og_site_name":"Aquamarine Dev","article_publisher":"https:\/\/www.facebook.com\/aquamarinespacz\/","twitter_card":"summary_large_image","schema":{"@context":"https:\/\/schema.org","@graph":[{"@type":"Organization","@id":"https:\/\/aquamarine.boost.codes\/#organization","name":"AquamarineSpa","url":"https:\/\/aquamarine.boost.codes\/","sameAs":["https:\/\/www.instagram.com\/aquamarinespacz\/","https:\/\/www.youtube.com\/channel\/UCvQ2S0WBOTcT7OEAVfISYHg","https:\/\/www.facebook.com\/aquamarinespacz\/"],"logo":{"@type":"ImageObject","inLanguage":"sk-SK","@id":"https:\/\/aquamarine.boost.codes\/#\/schema\/logo\/image\/","url":"https:\/\/aquamarine.boost.codes\/wp-content\/uploads\/2021\/10\/aquamarinespa-logo.jpg","contentUrl":"https:\/\/aquamarine.boost.codes\/wp-content\/uploads\/2021\/10\/aquamarinespa-logo.jpg","width":1018,"height":499,"caption":"AquamarineSpa"},"image":{"@id":"https:\/\/aquamarine.boost.codes\/#\/schema\/logo\/image\/"}},{"@type":"WebSite","@id":"https:\/\/aquamarine.boost.codes\/#website","url":"https:\/\/aquamarine.boost.codes\/","name":"Aquamarine Dev","description":"Just another WordPress site","publisher":{"@id":"https:\/\/aquamarine.boost.codes\/#organization"},"potentialAction":[{"@type":"SearchAction","target":{"@type":"EntryPoint","urlTemplate":"https:\/\/aquamarine.boost.codes\/?s={search_term_string}"},"query-input":"required name=search_term_string"}],"inLanguage":"sk-SK"},{"@type":"WebPage","@id":"https:\/\/aquamarine.boost.codes\/sk\/spytajte-sa-nas\/","url":"https:\/\/aquamarine.boost.codes\/sk\/spytajte-sa-nas\/","name":"Sp\u00fdtajte sa n\u00e1s - Aquamarine Dev","isPartOf":{"@id":"https:\/\/aquamarine.boost.codes\/#website"},"datePublished":"2022-08-14T19:25:08+00:00","dateModified":"2022-08-14T19:25:08+00:00","breadcrumb":{"@id":"https:\/\/aquamarine.boost.codes\/sk\/spytajte-sa-nas\/#breadcrumb"},"inLanguage":"sk-SK","potentialAction":[{"@type":"ReadAction","target":["https:\/\/aquamarine.boost.codes\/sk\/spytajte-sa-nas\/"]}]},{"@type":"BreadcrumbList","@id":"https:\/\/aquamarine.boost.codes\/sk\/spytajte-sa-nas\/#breadcrumb","itemListElement":[{"@type":"ListItem","position":1,"name":"Dom\u016f","item":"https:\/\/aquamarine.boost.codes\/sk\/"},{"@type":"ListItem","position":2,"name":"Sp\u00fdtajte sa n\u00e1s"}]}]}},"_links":{"self":[{"href":"https:\/\/aquamarine.boost.codes\/sk\/wp-json\/wp\/v2\/pages\/6286"}],"collection":[{"href":"https:\/\/aquamarine.boost.codes\/sk\/wp-json\/wp\/v2\/pages"}],"about":[{"href":"https:\/\/aquamarine.boost.codes\/sk\/wp-json\/wp\/v2\/types\/page"}],"author":[{"embeddable":true,"href":"https:\/\/aquamarine.boost.codes\/sk\/wp-json\/wp\/v2\/users\/1"}],"replies":[{"embeddable":true,"href":"https:\/\/aquamarine.boost.codes\/sk\/wp-json\/wp\/v2\/comments?post=6286"}],"version-history":[{"count":2,"href":"https:\/\/aquamarine.boost.codes\/sk\/wp-json\/wp\/v2\/pages\/6286\/revisions"}],"predecessor-version":[{"id":6288,"href":"https:\/\/aquamarine.boost.codes\/sk\/wp-json\/wp\/v2\/pages\/6286\/revisions\/6288"}],"wp:attachment":[{"href":"https:\/\/aquamarine.boost.codes\/sk\/wp-json\/wp\/v2\/media?parent=6286"}],"curies":[{"name":"wp","href":"https:\/\/api.w.org\/{rel}","templated":true}]}}