{"id":6248,"date":"2022-08-14T19:09:30","date_gmt":"2022-08-14T19:09:30","guid":{"rendered":"https:\/\/aquamarine.boost.codes\/vyrobky\/bazeny\/nerezove-bazeny\/skimmerove-bazeny\/typizovane-skimmerove-bazeny\/"},"modified":"2022-08-14T19:09:30","modified_gmt":"2022-08-14T19:09:30","slug":"typizovane-skimmerove-bazeny","status":"publish","type":"page","link":"https:\/\/aquamarine.boost.codes\/sk\/vyrobky\/bazeny\/nerezove-bazeny\/skimmerove-bazeny\/typizovane-skimmerove-bazeny\/","title":{"rendered":"Typizovan\u00e9 skimmerov\u00e9 baz\u00e9ny"},"content":{"rendered":"","protected":false},"excerpt":{"rendered":"","protected":false},"author":4,"featured_media":0,"parent":6246,"menu_order":0,"comment_status":"closed","ping_status":"closed","template":"products-pools-skimmers-standardized.php","meta":[],"acf":[],"yoast_head":"<!-- This site is optimized with the Yoast SEO plugin v19.3 - https:\/\/yoast.com\/wordpress\/plugins\/seo\/ -->\n<title>Typizovan\u00e9 skimmerov\u00e9 baz\u00e9ny - Aquamarine Dev<\/title>\n<meta name=\"robots\" content=\"noindex, follow, max-snippet:-1, max-image-preview:large, max-video-preview:-1\" \/>\n<meta property=\"og:locale\" content=\"sk_SK\" \/>\n<meta property=\"og:type\" content=\"article\" \/>\n<meta property=\"og:title\" content=\"Typizovan\u00e9 skimmerov\u00e9 baz\u00e9ny - Aquamarine Dev\" \/>\n<meta property=\"og:url\" content=\"https:\/\/aquamarine.boost.codes\/sk\/vyrobky\/bazeny\/nerezove-bazeny\/skimmerove-bazeny\/typizovane-skimmerove-bazeny\/\" \/>\n<meta property=\"og:site_name\" content=\"Aquamarine Dev\" \/>\n<meta property=\"article:publisher\" content=\"https:\/\/www.facebook.com\/aquamarinespacz\/\" \/>\n<meta name=\"twitter:card\" content=\"summary_large_image\" \/>\n<script type=\"application\/ld+json\" class=\"yoast-schema-graph\">{\"@context\":\"https:\/\/schema.org\",\"@graph\":[{\"@type\":\"Organization\",\"@id\":\"https:\/\/aquamarine.boost.codes\/#organization\",\"name\":\"AquamarineSpa\",\"url\":\"https:\/\/aquamarine.boost.codes\/\",\"sameAs\":[\"https:\/\/www.instagram.com\/aquamarinespacz\/\",\"https:\/\/www.youtube.com\/channel\/UCvQ2S0WBOTcT7OEAVfISYHg\",\"https:\/\/www.facebook.com\/aquamarinespacz\/\"],\"logo\":{\"@type\":\"ImageObject\",\"inLanguage\":\"sk-SK\",\"@id\":\"https:\/\/aquamarine.boost.codes\/#\/schema\/logo\/image\/\",\"url\":\"https:\/\/aquamarine.boost.codes\/wp-content\/uploads\/2021\/10\/aquamarinespa-logo.jpg\",\"contentUrl\":\"https:\/\/aquamarine.boost.codes\/wp-content\/uploads\/2021\/10\/aquamarinespa-logo.jpg\",\"width\":1018,\"height\":499,\"caption\":\"AquamarineSpa\"},\"image\":{\"@id\":\"https:\/\/aquamarine.boost.codes\/#\/schema\/logo\/image\/\"}},{\"@type\":\"WebSite\",\"@id\":\"https:\/\/aquamarine.boost.codes\/#website\",\"url\":\"https:\/\/aquamarine.boost.codes\/\",\"name\":\"Aquamarine Dev\",\"description\":\"Just another WordPress site\",\"publisher\":{\"@id\":\"https:\/\/aquamarine.boost.codes\/#organization\"},\"potentialAction\":[{\"@type\":\"SearchAction\",\"target\":{\"@type\":\"EntryPoint\",\"urlTemplate\":\"https:\/\/aquamarine.boost.codes\/?s={search_term_string}\"},\"query-input\":\"required name=search_term_string\"}],\"inLanguage\":\"sk-SK\"},{\"@type\":\"WebPage\",\"@id\":\"https:\/\/aquamarine.boost.codes\/sk\/vyrobky\/bazeny\/nerezove-bazeny\/skimmerove-bazeny\/typizovane-skimmerove-bazeny\/\",\"url\":\"https:\/\/aquamarine.boost.codes\/sk\/vyrobky\/bazeny\/nerezove-bazeny\/skimmerove-bazeny\/typizovane-skimmerove-bazeny\/\",\"name\":\"Typizovan\u00e9 skimmerov\u00e9 baz\u00e9ny - Aquamarine Dev\",\"isPartOf\":{\"@id\":\"https:\/\/aquamarine.boost.codes\/#website\"},\"datePublished\":\"2022-08-14T19:09:30+00:00\",\"dateModified\":\"2022-08-14T19:09:30+00:00\",\"breadcrumb\":{\"@id\":\"https:\/\/aquamarine.boost.codes\/sk\/vyrobky\/bazeny\/nerezove-bazeny\/skimmerove-bazeny\/typizovane-skimmerove-bazeny\/#breadcrumb\"},\"inLanguage\":\"sk-SK\",\"potentialAction\":[{\"@type\":\"ReadAction\",\"target\":[\"https:\/\/aquamarine.boost.codes\/sk\/vyrobky\/bazeny\/nerezove-bazeny\/skimmerove-bazeny\/typizovane-skimmerove-bazeny\/\"]}]},{\"@type\":\"BreadcrumbList\",\"@id\":\"https:\/\/aquamarine.boost.codes\/sk\/vyrobky\/bazeny\/nerezove-bazeny\/skimmerove-bazeny\/typizovane-skimmerove-bazeny\/#breadcrumb\",\"itemListElement\":[{\"@type\":\"ListItem\",\"position\":1,\"name\":\"Dom\u016f\",\"item\":\"https:\/\/aquamarine.boost.codes\/sk\/\"},{\"@type\":\"ListItem\",\"position\":2,\"name\":\"V\u00fdrobky\",\"item\":\"https:\/\/aquamarine.boost.codes\/sk\/vyrobky\/\"},{\"@type\":\"ListItem\",\"position\":3,\"name\":\"Baz\u00e9ny\",\"item\":\"https:\/\/aquamarine.boost.codes\/sk\/vyrobky\/bazeny\/\"},{\"@type\":\"ListItem\",\"position\":4,\"name\":\"Nerezov\u00e9 baz\u00e9ny\",\"item\":\"https:\/\/aquamarine.boost.codes\/sk\/vyrobky\/bazeny\/nerezove-bazeny\/\"},{\"@type\":\"ListItem\",\"position\":5,\"name\":\"Skimmerov\u00e9 baz\u00e9ny\",\"item\":\"https:\/\/aquamarine.boost.codes\/sk\/vyrobky\/bazeny\/nerezove-bazeny\/skimmerove-bazeny\/\"},{\"@type\":\"ListItem\",\"position\":6,\"name\":\"Typizovan\u00e9 skimmerov\u00e9 baz\u00e9ny\"}]}]}<\/script>\n<!-- \/ Yoast SEO plugin. -->","yoast_head_json":{"title":"Typizovan\u00e9 skimmerov\u00e9 baz\u00e9ny - Aquamarine Dev","robots":{"index":"noindex","follow":"follow","max-snippet":"max-snippet:-1","max-image-preview":"max-image-preview:large","max-video-preview":"max-video-preview:-1"},"og_locale":"sk_SK","og_type":"article","og_title":"Typizovan\u00e9 skimmerov\u00e9 baz\u00e9ny - Aquamarine Dev","og_url":"https:\/\/aquamarine.boost.codes\/sk\/vyrobky\/bazeny\/nerezove-bazeny\/skimmerove-bazeny\/typizovane-skimmerove-bazeny\/","og_site_name":"Aquamarine Dev","article_publisher":"https:\/\/www.facebook.com\/aquamarinespacz\/","twitter_card":"summary_large_image","schema":{"@context":"https:\/\/schema.org","@graph":[{"@type":"Organization","@id":"https:\/\/aquamarine.boost.codes\/#organization","name":"AquamarineSpa","url":"https:\/\/aquamarine.boost.codes\/","sameAs":["https:\/\/www.instagram.com\/aquamarinespacz\/","https:\/\/www.youtube.com\/channel\/UCvQ2S0WBOTcT7OEAVfISYHg","https:\/\/www.facebook.com\/aquamarinespacz\/"],"logo":{"@type":"ImageObject","inLanguage":"sk-SK","@id":"https:\/\/aquamarine.boost.codes\/#\/schema\/logo\/image\/","url":"https:\/\/aquamarine.boost.codes\/wp-content\/uploads\/2021\/10\/aquamarinespa-logo.jpg","contentUrl":"https:\/\/aquamarine.boost.codes\/wp-content\/uploads\/2021\/10\/aquamarinespa-logo.jpg","width":1018,"height":499,"caption":"AquamarineSpa"},"image":{"@id":"https:\/\/aquamarine.boost.codes\/#\/schema\/logo\/image\/"}},{"@type":"WebSite","@id":"https:\/\/aquamarine.boost.codes\/#website","url":"https:\/\/aquamarine.boost.codes\/","name":"Aquamarine Dev","description":"Just another WordPress site","publisher":{"@id":"https:\/\/aquamarine.boost.codes\/#organization"},"potentialAction":[{"@type":"SearchAction","target":{"@type":"EntryPoint","urlTemplate":"https:\/\/aquamarine.boost.codes\/?s={search_term_string}"},"query-input":"required name=search_term_string"}],"inLanguage":"sk-SK"},{"@type":"WebPage","@id":"https:\/\/aquamarine.boost.codes\/sk\/vyrobky\/bazeny\/nerezove-bazeny\/skimmerove-bazeny\/typizovane-skimmerove-bazeny\/","url":"https:\/\/aquamarine.boost.codes\/sk\/vyrobky\/bazeny\/nerezove-bazeny\/skimmerove-bazeny\/typizovane-skimmerove-bazeny\/","name":"Typizovan\u00e9 skimmerov\u00e9 baz\u00e9ny - Aquamarine Dev","isPartOf":{"@id":"https:\/\/aquamarine.boost.codes\/#website"},"datePublished":"2022-08-14T19:09:30+00:00","dateModified":"2022-08-14T19:09:30+00:00","breadcrumb":{"@id":"https:\/\/aquamarine.boost.codes\/sk\/vyrobky\/bazeny\/nerezove-bazeny\/skimmerove-bazeny\/typizovane-skimmerove-bazeny\/#breadcrumb"},"inLanguage":"sk-SK","potentialAction":[{"@type":"ReadAction","target":["https:\/\/aquamarine.boost.codes\/sk\/vyrobky\/bazeny\/nerezove-bazeny\/skimmerove-bazeny\/typizovane-skimmerove-bazeny\/"]}]},{"@type":"BreadcrumbList","@id":"https:\/\/aquamarine.boost.codes\/sk\/vyrobky\/bazeny\/nerezove-bazeny\/skimmerove-bazeny\/typizovane-skimmerove-bazeny\/#breadcrumb","itemListElement":[{"@type":"ListItem","position":1,"name":"Dom\u016f","item":"https:\/\/aquamarine.boost.codes\/sk\/"},{"@type":"ListItem","position":2,"name":"V\u00fdrobky","item":"https:\/\/aquamarine.boost.codes\/sk\/vyrobky\/"},{"@type":"ListItem","position":3,"name":"Baz\u00e9ny","item":"https:\/\/aquamarine.boost.codes\/sk\/vyrobky\/bazeny\/"},{"@type":"ListItem","position":4,"name":"Nerezov\u00e9 baz\u00e9ny","item":"https:\/\/aquamarine.boost.codes\/sk\/vyrobky\/bazeny\/nerezove-bazeny\/"},{"@type":"ListItem","position":5,"name":"Skimmerov\u00e9 baz\u00e9ny","item":"https:\/\/aquamarine.boost.codes\/sk\/vyrobky\/bazeny\/nerezove-bazeny\/skimmerove-bazeny\/"},{"@type":"ListItem","position":6,"name":"Typizovan\u00e9 skimmerov\u00e9 baz\u00e9ny"}]}]}},"_links":{"self":[{"href":"https:\/\/aquamarine.boost.codes\/sk\/wp-json\/wp\/v2\/pages\/6248"}],"collection":[{"href":"https:\/\/aquamarine.boost.codes\/sk\/wp-json\/wp\/v2\/pages"}],"about":[{"href":"https:\/\/aquamarine.boost.codes\/sk\/wp-json\/wp\/v2\/types\/page"}],"author":[{"embeddable":true,"href":"https:\/\/aquamarine.boost.codes\/sk\/wp-json\/wp\/v2\/users\/4"}],"replies":[{"embeddable":true,"href":"https:\/\/aquamarine.boost.codes\/sk\/wp-json\/wp\/v2\/comments?post=6248"}],"version-history":[{"count":0,"href":"https:\/\/aquamarine.boost.codes\/sk\/wp-json\/wp\/v2\/pages\/6248\/revisions"}],"up":[{"embeddable":true,"href":"https:\/\/aquamarine.boost.codes\/sk\/wp-json\/wp\/v2\/pages\/6246"}],"wp:attachment":[{"href":"https:\/\/aquamarine.boost.codes\/sk\/wp-json\/wp\/v2\/media?parent=6248"}],"curies":[{"name":"wp","href":"https:\/\/api.w.org\/{rel}","templated":true}]}}