{"id":5733,"date":"2024-09-06T10:26:48","date_gmt":"2024-09-06T10:26:48","guid":{"rendered":"https:\/\/aquamarine.boost.codes\/?page_id=5733"},"modified":"2024-09-06T10:33:10","modified_gmt":"2024-09-06T10:33:10","slug":"ein-detailliertes-preisangebot-anfordern","status":"publish","type":"page","link":"https:\/\/aquamarine.boost.codes\/de\/ein-detailliertes-preisangebot-anfordern\/","title":{"rendered":"Ein detailliertes Preisangebot anfordern"},"content":{"rendered":"<section class=\"section--catalogue section--light\">\n<div class=\"inner\">\n<h1 class=\"heading heading--bigger heading--center heading--black heading--underline\">Ein detailliertes Preisangebot anfordern<\/h1>\n<div class=\"row\">\n<div class=\"col-xs-12 col-sm-12 col-md-2 col-lg-2\"><\/div>\n<div class=\"col-xs-12 col-sm-12 col-md-8 col-lg-8\">\n<p class=\"paragraph paragraph--medium align-center margin-top--05x\"><strong> Nach dem Ausf\u00fcllen des Formulars senden wir Ihnen umgehend ein PDF mit den Richtpreisen<br \/>\nunserer Produkte zu.<\/strong>  <\/p>\n<p class=\"paragraph paragraph--medium align-center margin-top--05x\">Um f\u00fcr Sie ein genaues Preisangebot erstellen zu k\u00f6nnen, beschreiben Sie bitte m\u00f6glichst detailliert die Spezifikation Ihres Projektes. F\u00fcr den Fall, dass wir von Ihnen n\u00e4here Informationen brauchen, f\u00fcllen Sie bitte auch das Feld Telefon oder E-Mail aus.<\/p>\n<\/p><\/div>\n<div class=\"col-xs-12 col-sm-12 col-md-2 col-lg-2\"><\/div><\/div>\n<div class=\"section--catalogue-form\">\n\t\t\t\t<span class=\"paragraph paragraph--medium section--catalogue-form-required-data input-required\">Pflichtfeld<\/span><br \/>\n\t\t\t\t[boost-space-forms host=&#8220;aquamarinespa.boost.space&#8220; id=&#8220;38&#8243;]<\/p><\/div><\/div>\n<p> <!-- .inner --><br \/>\n<\/section>\n<p> <!-- section products --><\/p>\n","protected":false},"excerpt":{"rendered":"Ein detailliertes Preisangebot anfordern Nach dem Ausf\u00fcllen des Formulars senden wir Ihnen umgehend ein PDF mit den Richtpreisen unserer Produkte zu. Um f\u00fcr Sie ein genaues Preisangebot erstellen zu k\u00f6nnen, beschreiben Sie bitte m\u00f6glichst detailliert die Spezifikation Ihres Projektes. F\u00fcr den Fall, dass wir von Ihnen n\u00e4here Informationen brauchen, f\u00fcllen Sie bitte auch das Feld [&hellip;]","protected":false},"author":1,"featured_media":0,"parent":0,"menu_order":0,"comment_status":"closed","ping_status":"closed","template":"","meta":[],"acf":[],"yoast_head":"<!-- This site is optimized with the Yoast SEO plugin v19.3 - https:\/\/yoast.com\/wordpress\/plugins\/seo\/ -->\n<title>Ein detailliertes Preisangebot anfordern - Aquamarine Dev<\/title>\n<meta name=\"robots\" content=\"noindex, follow, max-snippet:-1, max-image-preview:large, max-video-preview:-1\" \/>\n<meta property=\"og:locale\" content=\"de_DE\" \/>\n<meta property=\"og:type\" content=\"article\" \/>\n<meta property=\"og:title\" content=\"Ein detailliertes Preisangebot anfordern - Aquamarine Dev\" \/>\n<meta property=\"og:description\" content=\"Ein detailliertes Preisangebot anfordern Nach dem Ausf\u00fcllen des Formulars senden wir Ihnen umgehend ein PDF mit den Richtpreisen unserer Produkte zu. Um f\u00fcr Sie ein genaues Preisangebot erstellen zu k\u00f6nnen, beschreiben Sie bitte m\u00f6glichst detailliert die Spezifikation Ihres Projektes. F\u00fcr den Fall, dass wir von Ihnen n\u00e4here Informationen brauchen, f\u00fcllen Sie bitte auch das Feld [&hellip;]\" \/>\n<meta property=\"og:url\" content=\"https:\/\/aquamarine.boost.codes\/de\/ein-detailliertes-preisangebot-anfordern\/\" \/>\n<meta property=\"og:site_name\" content=\"Aquamarine Dev\" \/>\n<meta property=\"article:publisher\" content=\"https:\/\/www.facebook.com\/aquamarinespacz\/\" \/>\n<meta property=\"article:modified_time\" content=\"2024-09-06T10:33:10+00:00\" \/>\n<meta name=\"twitter:card\" content=\"summary_large_image\" \/>\n<meta name=\"twitter:label1\" content=\"Gesch\u00e4tzte Lesezeit\" \/>\n\t<meta name=\"twitter:data1\" content=\"1\u00a0Minute\" \/>\n<script type=\"application\/ld+json\" class=\"yoast-schema-graph\">{\"@context\":\"https:\/\/schema.org\",\"@graph\":[{\"@type\":\"Organization\",\"@id\":\"https:\/\/aquamarine.boost.codes\/#organization\",\"name\":\"AquamarineSpa\",\"url\":\"https:\/\/aquamarine.boost.codes\/\",\"sameAs\":[\"https:\/\/www.instagram.com\/aquamarinespacz\/\",\"https:\/\/www.youtube.com\/channel\/UCvQ2S0WBOTcT7OEAVfISYHg\",\"https:\/\/www.facebook.com\/aquamarinespacz\/\"],\"logo\":{\"@type\":\"ImageObject\",\"inLanguage\":\"de\",\"@id\":\"https:\/\/aquamarine.boost.codes\/#\/schema\/logo\/image\/\",\"url\":\"https:\/\/aquamarine.boost.codes\/wp-content\/uploads\/2021\/10\/aquamarinespa-logo.jpg\",\"contentUrl\":\"https:\/\/aquamarine.boost.codes\/wp-content\/uploads\/2021\/10\/aquamarinespa-logo.jpg\",\"width\":1018,\"height\":499,\"caption\":\"AquamarineSpa\"},\"image\":{\"@id\":\"https:\/\/aquamarine.boost.codes\/#\/schema\/logo\/image\/\"}},{\"@type\":\"WebSite\",\"@id\":\"https:\/\/aquamarine.boost.codes\/#website\",\"url\":\"https:\/\/aquamarine.boost.codes\/\",\"name\":\"Aquamarine Dev\",\"description\":\"Just another WordPress site\",\"publisher\":{\"@id\":\"https:\/\/aquamarine.boost.codes\/#organization\"},\"potentialAction\":[{\"@type\":\"SearchAction\",\"target\":{\"@type\":\"EntryPoint\",\"urlTemplate\":\"https:\/\/aquamarine.boost.codes\/?s={search_term_string}\"},\"query-input\":\"required name=search_term_string\"}],\"inLanguage\":\"de\"},{\"@type\":\"WebPage\",\"@id\":\"https:\/\/aquamarine.boost.codes\/de\/ein-detailliertes-preisangebot-anfordern\/\",\"url\":\"https:\/\/aquamarine.boost.codes\/de\/ein-detailliertes-preisangebot-anfordern\/\",\"name\":\"Ein detailliertes Preisangebot anfordern - Aquamarine Dev\",\"isPartOf\":{\"@id\":\"https:\/\/aquamarine.boost.codes\/#website\"},\"datePublished\":\"2024-09-06T10:26:48+00:00\",\"dateModified\":\"2024-09-06T10:33:10+00:00\",\"breadcrumb\":{\"@id\":\"https:\/\/aquamarine.boost.codes\/de\/ein-detailliertes-preisangebot-anfordern\/#breadcrumb\"},\"inLanguage\":\"de\",\"potentialAction\":[{\"@type\":\"ReadAction\",\"target\":[\"https:\/\/aquamarine.boost.codes\/de\/ein-detailliertes-preisangebot-anfordern\/\"]}]},{\"@type\":\"BreadcrumbList\",\"@id\":\"https:\/\/aquamarine.boost.codes\/de\/ein-detailliertes-preisangebot-anfordern\/#breadcrumb\",\"itemListElement\":[{\"@type\":\"ListItem\",\"position\":1,\"name\":\"Dom\u016f\",\"item\":\"https:\/\/aquamarine.boost.codes\/de\/\"},{\"@type\":\"ListItem\",\"position\":2,\"name\":\"Ein detailliertes Preisangebot anfordern\"}]}]}<\/script>\n<!-- \/ Yoast SEO plugin. -->","yoast_head_json":{"title":"Ein detailliertes Preisangebot anfordern - Aquamarine Dev","robots":{"index":"noindex","follow":"follow","max-snippet":"max-snippet:-1","max-image-preview":"max-image-preview:large","max-video-preview":"max-video-preview:-1"},"og_locale":"de_DE","og_type":"article","og_title":"Ein detailliertes Preisangebot anfordern - Aquamarine Dev","og_description":"Ein detailliertes Preisangebot anfordern Nach dem Ausf\u00fcllen des Formulars senden wir Ihnen umgehend ein PDF mit den Richtpreisen unserer Produkte zu. Um f\u00fcr Sie ein genaues Preisangebot erstellen zu k\u00f6nnen, beschreiben Sie bitte m\u00f6glichst detailliert die Spezifikation Ihres Projektes. F\u00fcr den Fall, dass wir von Ihnen n\u00e4here Informationen brauchen, f\u00fcllen Sie bitte auch das Feld [&hellip;]","og_url":"https:\/\/aquamarine.boost.codes\/de\/ein-detailliertes-preisangebot-anfordern\/","og_site_name":"Aquamarine Dev","article_publisher":"https:\/\/www.facebook.com\/aquamarinespacz\/","article_modified_time":"2024-09-06T10:33:10+00:00","twitter_card":"summary_large_image","twitter_misc":{"Gesch\u00e4tzte Lesezeit":"1\u00a0Minute"},"schema":{"@context":"https:\/\/schema.org","@graph":[{"@type":"Organization","@id":"https:\/\/aquamarine.boost.codes\/#organization","name":"AquamarineSpa","url":"https:\/\/aquamarine.boost.codes\/","sameAs":["https:\/\/www.instagram.com\/aquamarinespacz\/","https:\/\/www.youtube.com\/channel\/UCvQ2S0WBOTcT7OEAVfISYHg","https:\/\/www.facebook.com\/aquamarinespacz\/"],"logo":{"@type":"ImageObject","inLanguage":"de","@id":"https:\/\/aquamarine.boost.codes\/#\/schema\/logo\/image\/","url":"https:\/\/aquamarine.boost.codes\/wp-content\/uploads\/2021\/10\/aquamarinespa-logo.jpg","contentUrl":"https:\/\/aquamarine.boost.codes\/wp-content\/uploads\/2021\/10\/aquamarinespa-logo.jpg","width":1018,"height":499,"caption":"AquamarineSpa"},"image":{"@id":"https:\/\/aquamarine.boost.codes\/#\/schema\/logo\/image\/"}},{"@type":"WebSite","@id":"https:\/\/aquamarine.boost.codes\/#website","url":"https:\/\/aquamarine.boost.codes\/","name":"Aquamarine Dev","description":"Just another WordPress site","publisher":{"@id":"https:\/\/aquamarine.boost.codes\/#organization"},"potentialAction":[{"@type":"SearchAction","target":{"@type":"EntryPoint","urlTemplate":"https:\/\/aquamarine.boost.codes\/?s={search_term_string}"},"query-input":"required name=search_term_string"}],"inLanguage":"de"},{"@type":"WebPage","@id":"https:\/\/aquamarine.boost.codes\/de\/ein-detailliertes-preisangebot-anfordern\/","url":"https:\/\/aquamarine.boost.codes\/de\/ein-detailliertes-preisangebot-anfordern\/","name":"Ein detailliertes Preisangebot anfordern - Aquamarine Dev","isPartOf":{"@id":"https:\/\/aquamarine.boost.codes\/#website"},"datePublished":"2024-09-06T10:26:48+00:00","dateModified":"2024-09-06T10:33:10+00:00","breadcrumb":{"@id":"https:\/\/aquamarine.boost.codes\/de\/ein-detailliertes-preisangebot-anfordern\/#breadcrumb"},"inLanguage":"de","potentialAction":[{"@type":"ReadAction","target":["https:\/\/aquamarine.boost.codes\/de\/ein-detailliertes-preisangebot-anfordern\/"]}]},{"@type":"BreadcrumbList","@id":"https:\/\/aquamarine.boost.codes\/de\/ein-detailliertes-preisangebot-anfordern\/#breadcrumb","itemListElement":[{"@type":"ListItem","position":1,"name":"Dom\u016f","item":"https:\/\/aquamarine.boost.codes\/de\/"},{"@type":"ListItem","position":2,"name":"Ein detailliertes Preisangebot anfordern"}]}]}},"_links":{"self":[{"href":"https:\/\/aquamarine.boost.codes\/de\/wp-json\/wp\/v2\/pages\/5733"}],"collection":[{"href":"https:\/\/aquamarine.boost.codes\/de\/wp-json\/wp\/v2\/pages"}],"about":[{"href":"https:\/\/aquamarine.boost.codes\/de\/wp-json\/wp\/v2\/types\/page"}],"author":[{"embeddable":true,"href":"https:\/\/aquamarine.boost.codes\/de\/wp-json\/wp\/v2\/users\/1"}],"replies":[{"embeddable":true,"href":"https:\/\/aquamarine.boost.codes\/de\/wp-json\/wp\/v2\/comments?post=5733"}],"version-history":[{"count":2,"href":"https:\/\/aquamarine.boost.codes\/de\/wp-json\/wp\/v2\/pages\/5733\/revisions"}],"predecessor-version":[{"id":6836,"href":"https:\/\/aquamarine.boost.codes\/de\/wp-json\/wp\/v2\/pages\/5733\/revisions\/6836"}],"wp:attachment":[{"href":"https:\/\/aquamarine.boost.codes\/de\/wp-json\/wp\/v2\/media?parent=5733"}],"curies":[{"name":"wp","href":"https:\/\/api.w.org\/{rel}","templated":true}]}}